{"id":144,"date":"2024-10-21T15:22:03","date_gmt":"2024-10-21T13:22:03","guid":{"rendered":"https:\/\/www.eit-muenchen.de\/?page_id=144"},"modified":"2024-11-19T16:11:12","modified_gmt":"2024-11-19T15:11:12","slug":"imprint","status":"publish","type":"page","link":"https:\/\/www.eit-muenchen.de\/en\/imprint\/","title":{"rendered":"Imprint"},"content":{"rendered":"\n<h1 class=\"wp-block-heading\">Imprint<\/h1>\n\n\n\n<p>Diese Webseite stellt den gemeinsamen Internetauftritt folgender Gesellschaften dar:<\/p>\n\n\n\n<p><strong>EIT M\u00fcnchen GmbH &amp; Co. KG<\/strong><strong><br>Steuerberatungsgesellschaft<\/strong><\/p>\n\n\n\n<p>Theatinerstr. 45<br>80333 M\u00fcnchen<br>Tel. <a href=\"tel:+498944235450\">+49 (0) 89 4423545 0<\/a><br><a href=\"mailto:team@eit-muenchen.de\">team@eit-muenchen.de<\/a><br><a href=\"http:\/\/www.eit-muenchen.de\/\">www.eit-muenchen.de<\/a><\/p>\n\n\n\n<p>Umsatzsteueridentifikationsnummer: DE 320480378<br>Eingetragen im Handelsregister des Amtsgerichts M\u00fcnchen, HRA 109705<\/p>\n\n\n\n<p>Pers\u00f6nlich haftende Gesellschafterin:<\/p>\n\n\n\n<p><strong>EIT M\u00fcnchen Verwaltungs GmbH<\/strong><strong><br>Steuerberatungsgesellschaft<\/strong><\/p>\n\n\n\n<p>Theatinerstr. 45<br>80333 M\u00fcnchen<br>Tel. <a href=\"tel:+498944235450\">+49 (0) 89 4423545 0<\/a><br><a href=\"mailto:team@eit-muenchen.de\">team@eit-muenchen.de<\/a><br><a href=\"http:\/\/www.eit-muenchen.de\/\">www.eit-muenchen.de<\/a><\/p>\n\n\n\n<p>Steuernummer: 143\/202\/25540<\/p>\n\n\n\n<p>Eingetragen im Handelsregister des Amtsgerichts M\u00fcnchen, HRB 244230<\/p>\n\n\n\n<p>Vertretungsberechtigte Gesch\u00e4ftsf\u00fchrer:<\/p>\n\n\n\n<p>Claudia Haag-Klose, StB<\/p>\n\n\n\n<p>Michael K\u00fchner, StB|WP<\/p>\n\n\n\n<p>Aufsichtsbeh\u00f6rden:<\/p>\n\n\n\n<p>Die in den EIT M\u00fcnchen Gesellschaften t\u00e4tigen Wirtschaftspr\u00fcfer und Steuerberater sind in der Bundesrepublik Deutschland als Wirtschaftspr\u00fcfer (WP) und \/ oder Steuerberater (StB) zugelassen und geh\u00f6ren als Mitglieder der Wirtschaftspr\u00fcferkammer Berlin und \/ oder der Steuerberaterkammer M\u00fcnchen als zust\u00e4ndige Aufsichtsbeh\u00f6rden an:<\/p>\n\n\n\n<p>Wirtschaftspr\u00fcferkammer<br>Rauchstr. 3<br>10787 Berlin<br>Tel.: <a href=\"tel:+49307261610\">+49 (0) 30 726 161 0<\/a><br>Fax: +49 (0) 30 726 161 212<br><a href=\"mailto:kontakt@wpk.de\">kontakt@wpk.de<\/a><br><a href=\"http:\/\/www.wpk.de\/\">www.wpk.de<\/a><\/p>\n\n\n\n<p>Steuerberaterkammer M\u00fcnchen<br>Nederlinger Str. 9<br>80638 M\u00fcnchen<br>Tel.: <a href=\"tel:+49891579020\">+49 (0) 89 157 902 0<\/a><br>Fax: +49 (0) 89 157 902 19<br><a href=\"mailto:info@stbk-muc.de\">info@stbk-muc.de<\/a><br><a href=\"http:\/\/www.stbk-muc.de\/\">www.stbk-muc.de<\/a><\/p>\n\n\n\n<p>Berufshaftpflichtversicherung:<\/p>\n\n\n\n<p>Die Berufshaftpflichtversicherungen f\u00fcr die EIT M\u00fcnchen Gesellschaften bestehen bei der VSW \u2212 Die Versicherergemeinschaft f\u00fcr Steuerberater und Wirtschaftspr\u00fcfer, Dotzheimer Stra\u00dfe 23, 65185 Wiesbaden.<\/p>\n\n\n\n<p><br>Der r\u00e4umliche Geltungsbereich des Versicherungsschutzes umfasst Dienstleistungen zumindest in den Mitgliedsl\u00e4ndern der Europ\u00e4ischen Union und gen\u00fcgt mindestens den Anforderungen der<\/p>\n\n\n\n<ul class=\"wp-block-list\">\n<li>\u00a7 51, \u00a7 51a Bundesrechtsanwaltsordnung (BRAO),<\/li>\n\n\n\n<li>\u00a7 67 Steuerberatungsgesetz (StBerG), \u00a7\u00a7 51 ff. Verordnung zur Durchf\u00fchrung der Vorschriften \u00fcber Steuerberater, Steuerbevollm\u00e4chtigte und Steuerberatungsgesellschaften (DVStB)<\/li>\n\n\n\n<li>\u00a7 54 Wirtschaftspr\u00fcferordnung (WPO) in Verbindung mit der Verordnung \u00fcber die Berufshaftpflichtversicherung der Wirtschaftspr\u00fcfer und vereidigten Buchpr\u00fcfer (WPBHV).<\/li>\n<\/ul>\n\n\n\n<p>Berufsrechtliche Regelungen:<\/p>\n\n\n\n<p><br>Die in diesem Impressum genannten Partner der EIT M\u00fcnchen Gesellschaften unterliegen aufgrund ihres Berufsstandes den nachfolgenden berufsrechtlichen Regelungen. Die oben genannten Kammern dienen als Aufsichtsbeh\u00f6rden.<\/p>\n\n\n\n<p>Wirtschaftspr\u00fcfer (WP)<\/p>\n\n\n\n<p><br>Der Berufsstand der Wirtschaftspr\u00fcfer unterliegt im Wesentlichen den nachfolgend genannten berufsrechtlichen Regelungen:<\/p>\n\n\n\n<ul class=\"wp-block-list\">\n<li>Wirtschaftspr\u00fcferordnung (WPO)<\/li>\n\n\n\n<li>Berufssatzung f\u00fcr Wirtschaftspr\u00fcfer \/ vereidigte Buchpr\u00fcfer (BS WP\/vBP)<\/li>\n\n\n\n<li>Satzung f\u00fcr Qualit\u00e4tskontrolle \u2013 Siegelverordnung<\/li>\n\n\n\n<li>Wirtschaftspr\u00fcfer-Berufshaftpflichtversicherungsordnung (WPBHV)<\/li>\n<\/ul>\n\n\n\n<p>Die berufsrechtlichen Regelungen k\u00f6nnen auf der Website der Wirtschaftspr\u00fcferkammer (<a href=\"http:\/\/www.wpk.de\/\">www.wpk.de<\/a>) eingesehen werden.<\/p>\n\n\n\n<p>Steuerberater (StB)<\/p>\n\n\n\n<p>Der Berufsstand der Steuerberater unterliegt im Wesentlichen den nachstehenden berufsrechtlichen Regelungen:<\/p>\n\n\n\n<ul class=\"wp-block-list\">\n<li>Steuerberatungsgesetz (StBerG)<\/li>\n\n\n\n<li>Durchf\u00fchrungsverordnung zum Steuerberatungsgesetz (DVStB)<\/li>\n\n\n\n<li>Berufsordnung (BOStB)<\/li>\n\n\n\n<li>Fachberaterordnung (FBO)<\/li>\n\n\n\n<li>Verg\u00fctungsverordnung f\u00fcr Steuerberater, Steuerbevollm\u00e4chtigte und Steuerberatungsgesellschaften (Steuerberaterverg\u00fctungsverordnung \u2013 StBVV)<\/li>\n<\/ul>\n\n\n\n<p>Die berufsrechtlichen Regelungen k\u00f6nnen bei den zust\u00e4ndigen \u00f6rtlichen und regionalen Steuerberaterkammern selbst \u2013 z. B. bei der Steuerberaterkammer M\u00fcnchen (<a href=\"http:\/\/www.stbk-muc.de\/\">www.stbk-muc.de<\/a>) \u2013 bzw. auf der Website der Bundessteuerberaterkammer (<a href=\"http:\/\/www.bstbk.de\/\">www.bstbk.de<\/a>) eingesehen werden.<\/p>\n\n\n\n<p>Allgemeine Informationen nach \u00a7 3 Verbraucherstreitbeteiligungs-Gesetz (VSBG) an Verbraucher im Sinne von \u00a7 3 B\u00fcrgerliches Gesetzbuch (BGB):<\/p>\n\n\n\n<p>Die EIT M\u00fcnchen Gesellschaften sind grunds\u00e4tzlich nicht verpflichtet bereit, an Streitbeilegungsverfahren vor einer Verbraucherschlichtungsstelle teilzunehmen.<\/p>\n\n\n\n<p>Verantwortlich im Sinne des \u00a7 55 Absatz 2 Rundfunk-Staatsvertrag (RStV):<\/p>\n\n\n\n<p>Claudia Haag-Klose<br>Theatinerstr. 45<br>80333 M\u00fcnchen (Deutschland)<\/p>\n\n\n\n<p>Tel. <a href=\"tel:+498944235450\">+49 (0) 89 4423545 0<\/a><br><a href=\"mailto:team@eit-muenchen.de\">team@eit-muenchen.de<\/a><br><a href=\"http:\/\/www.eit-muenchen.de\/\">www.eit-muenchen.de<\/a><\/p>\n\n\n\n<p>Haftungshinweis und Gew\u00e4hrleistung:<\/p>\n\n\n\n<p>Trotz sorgf\u00e4ltiger inhaltlicher Kontrolle \u00fcbernehmen wir keine Haftung f\u00fcr die Inhalte externer Links. F\u00fcr den Inhalt der verlinkten Seiten sind ausschlie\u00dflich deren Betreiber verantwortlich. Die Informationen auf dieser Website stellen wir ohne jegliche Zusicherung oder Gew\u00e4hrleistung jedweder Art, sei sie ausdr\u00fccklich oder stillschweigend, zur Verf\u00fcgung. Auch wenn wir davon ausgehen, dass die von uns gegebenen Informationen zutreffend sind, k\u00f6nnen sie dennoch Fehler oder Ungenauigkeiten enthalten.<\/p>\n\n\n\n<p>Urheberrecht:<\/p>\n\n\n\n<p>Alle Rechte vorbehalten. Alle Texte, Bilder, Illustrationen, Dokumente und Dateien unterliegen dem Urheberrecht und anderen Gesetzen zum Schutz geistigen Eigentums. Sie d\u00fcrfen weder f\u00fcr Handelszwecke oder zur Weitergabe kopiert, noch ver\u00e4ndert und auf anderen Websites verwendet werden.<\/p>\n\n\n\n<p>Verwendete Bilder:\u00a0<br>M\u00fcnchen Frauenkirche Munich Stock Photo (engl.ac \/ stock.adobe.com)<br>odeonsplatz Feldherrnhalle Frauenkirche from drone (Igor \/ stock.adobe.com)<br>Munich (engl.ac \/ stock.adobe.com)<br>Iconic Frauenkirche of Munich, Bavaria, Germany with alps in the background (istockphoto)<br>Fotografie: Urs Golling,\u00a0Ringbergstra\u00dfe 1A, 83700 Rottach-Egern<\/p>\n","protected":false},"excerpt":{"rendered":"<p>Imprint Diese Webseite stellt den gemeinsamen Internetauftritt folgender Gesellschaften dar: EIT M\u00fcnchen GmbH &amp; Co. KGSteuerberatungsgesellschaft Theatinerstr. 4580333 M\u00fcnchenTel. +49 (0) 89 4423545 0team@eit-muenchen.dewww.eit-muenchen.de Umsatzsteueridentifikationsnummer: &hellip;<\/p>\n","protected":false},"author":1,"featured_media":0,"parent":0,"menu_order":0,"comment_status":"closed","ping_status":"closed","template":"","meta":{"footnotes":""},"class_list":["post-144","page","type-page","status-publish","hentry"],"yoast_head":"<!-- This site is optimized with the Yoast SEO plugin v23.9 - https:\/\/yoast.com\/wordpress\/plugins\/seo\/ -->\n<title>Imprint - EIT M\u00fcnchen<\/title>\n<meta name=\"robots\" content=\"index, follow, max-snippet:-1, max-image-preview:large, max-video-preview:-1\" \/>\n<link rel=\"canonical\" href=\"https:\/\/www.eit-muenchen.de\/en\/imprint\/\" \/>\n<meta property=\"og:locale\" content=\"en_US\" \/>\n<meta property=\"og:type\" content=\"article\" \/>\n<meta property=\"og:title\" content=\"Imprint - EIT M\u00fcnchen\" \/>\n<meta property=\"og:description\" content=\"Imprint Diese Webseite stellt den gemeinsamen Internetauftritt folgender Gesellschaften dar: EIT M\u00fcnchen GmbH &amp; Co. KGSteuerberatungsgesellschaft Theatinerstr. 4580333 M\u00fcnchenTel. +49 (0) 89 4423545 0team@eit-muenchen.dewww.eit-muenchen.de Umsatzsteueridentifikationsnummer: &hellip;\" \/>\n<meta property=\"og:url\" content=\"https:\/\/www.eit-muenchen.de\/en\/imprint\/\" \/>\n<meta property=\"og:site_name\" content=\"EIT M\u00fcnchen\" \/>\n<meta property=\"article:modified_time\" content=\"2024-11-19T15:11:12+00:00\" \/>\n<meta name=\"twitter:card\" content=\"summary_large_image\" \/>\n<meta name=\"twitter:label1\" content=\"Est. reading time\" \/>\n\t<meta name=\"twitter:data1\" content=\"4 minutes\" \/>\n<script type=\"application\/ld+json\" class=\"yoast-schema-graph\">{\"@context\":\"https:\/\/schema.org\",\"@graph\":[{\"@type\":\"WebPage\",\"@id\":\"https:\/\/www.eit-muenchen.de\/en\/imprint\/\",\"url\":\"https:\/\/www.eit-muenchen.de\/en\/imprint\/\",\"name\":\"Imprint - EIT M\u00fcnchen\",\"isPartOf\":{\"@id\":\"https:\/\/www.eit-muenchen.de\/#website\"},\"datePublished\":\"2024-10-21T13:22:03+00:00\",\"dateModified\":\"2024-11-19T15:11:12+00:00\",\"breadcrumb\":{\"@id\":\"https:\/\/www.eit-muenchen.de\/en\/imprint\/#breadcrumb\"},\"inLanguage\":\"en-US\",\"potentialAction\":[{\"@type\":\"ReadAction\",\"target\":[\"https:\/\/www.eit-muenchen.de\/en\/imprint\/\"]}]},{\"@type\":\"BreadcrumbList\",\"@id\":\"https:\/\/www.eit-muenchen.de\/en\/imprint\/#breadcrumb\",\"itemListElement\":[{\"@type\":\"ListItem\",\"position\":1,\"name\":\"Home\",\"item\":\"https:\/\/www.eit-muenchen.de\/en\/\"},{\"@type\":\"ListItem\",\"position\":2,\"name\":\"Imprint\"}]},{\"@type\":\"WebSite\",\"@id\":\"https:\/\/www.eit-muenchen.de\/#website\",\"url\":\"https:\/\/www.eit-muenchen.de\/\",\"name\":\"EIT M\u00fcnchen\",\"description\":\"Steuerberatungsgesellschaft\",\"potentialAction\":[{\"@type\":\"SearchAction\",\"target\":{\"@type\":\"EntryPoint\",\"urlTemplate\":\"https:\/\/www.eit-muenchen.de\/?s={search_term_string}\"},\"query-input\":{\"@type\":\"PropertyValueSpecification\",\"valueRequired\":true,\"valueName\":\"search_term_string\"}}],\"inLanguage\":\"en-US\"}]}<\/script>\n<!-- \/ Yoast SEO plugin. -->","yoast_head_json":{"title":"Imprint - EIT M\u00fcnchen","robots":{"index":"index","follow":"follow","max-snippet":"max-snippet:-1","max-image-preview":"max-image-preview:large","max-video-preview":"max-video-preview:-1"},"canonical":"https:\/\/www.eit-muenchen.de\/en\/imprint\/","og_locale":"en_US","og_type":"article","og_title":"Imprint - EIT M\u00fcnchen","og_description":"Imprint Diese Webseite stellt den gemeinsamen Internetauftritt folgender Gesellschaften dar: EIT M\u00fcnchen GmbH &amp; Co. KGSteuerberatungsgesellschaft Theatinerstr. 4580333 M\u00fcnchenTel. +49 (0) 89 4423545 0team@eit-muenchen.dewww.eit-muenchen.de Umsatzsteueridentifikationsnummer: &hellip;","og_url":"https:\/\/www.eit-muenchen.de\/en\/imprint\/","og_site_name":"EIT M\u00fcnchen","article_modified_time":"2024-11-19T15:11:12+00:00","twitter_card":"summary_large_image","twitter_misc":{"Est. reading time":"4 minutes"},"schema":{"@context":"https:\/\/schema.org","@graph":[{"@type":"WebPage","@id":"https:\/\/www.eit-muenchen.de\/en\/imprint\/","url":"https:\/\/www.eit-muenchen.de\/en\/imprint\/","name":"Imprint - EIT M\u00fcnchen","isPartOf":{"@id":"https:\/\/www.eit-muenchen.de\/#website"},"datePublished":"2024-10-21T13:22:03+00:00","dateModified":"2024-11-19T15:11:12+00:00","breadcrumb":{"@id":"https:\/\/www.eit-muenchen.de\/en\/imprint\/#breadcrumb"},"inLanguage":"en-US","potentialAction":[{"@type":"ReadAction","target":["https:\/\/www.eit-muenchen.de\/en\/imprint\/"]}]},{"@type":"BreadcrumbList","@id":"https:\/\/www.eit-muenchen.de\/en\/imprint\/#breadcrumb","itemListElement":[{"@type":"ListItem","position":1,"name":"Home","item":"https:\/\/www.eit-muenchen.de\/en\/"},{"@type":"ListItem","position":2,"name":"Imprint"}]},{"@type":"WebSite","@id":"https:\/\/www.eit-muenchen.de\/#website","url":"https:\/\/www.eit-muenchen.de\/","name":"EIT M\u00fcnchen","description":"Steuerberatungsgesellschaft","potentialAction":[{"@type":"SearchAction","target":{"@type":"EntryPoint","urlTemplate":"https:\/\/www.eit-muenchen.de\/?s={search_term_string}"},"query-input":{"@type":"PropertyValueSpecification","valueRequired":true,"valueName":"search_term_string"}}],"inLanguage":"en-US"}]}},"_links":{"self":[{"href":"https:\/\/www.eit-muenchen.de\/en\/wp-json\/wp\/v2\/pages\/144","targetHints":{"allow":["GET"]}}],"collection":[{"href":"https:\/\/www.eit-muenchen.de\/en\/wp-json\/wp\/v2\/pages"}],"about":[{"href":"https:\/\/www.eit-muenchen.de\/en\/wp-json\/wp\/v2\/types\/page"}],"author":[{"embeddable":true,"href":"https:\/\/www.eit-muenchen.de\/en\/wp-json\/wp\/v2\/users\/1"}],"replies":[{"embeddable":true,"href":"https:\/\/www.eit-muenchen.de\/en\/wp-json\/wp\/v2\/comments?post=144"}],"version-history":[{"count":5,"href":"https:\/\/www.eit-muenchen.de\/en\/wp-json\/wp\/v2\/pages\/144\/revisions"}],"predecessor-version":[{"id":205,"href":"https:\/\/www.eit-muenchen.de\/en\/wp-json\/wp\/v2\/pages\/144\/revisions\/205"}],"wp:attachment":[{"href":"https:\/\/www.eit-muenchen.de\/en\/wp-json\/wp\/v2\/media?parent=144"}],"curies":[{"name":"wp","href":"https:\/\/api.w.org\/{rel}","templated":true}]}}